{"id":3565,"date":"2019-10-25T13:10:51","date_gmt":"2019-10-25T11:10:51","guid":{"rendered":"https:\/\/relaunch.hotel-pflug.de\/contact\/"},"modified":"2025-03-22T19:49:46","modified_gmt":"2025-03-22T18:49:46","slug":"contact","status":"publish","type":"page","link":"https:\/\/www.hotel-pflug.de\/fr\/contact\/","title":{"rendered":"Contact"},"content":{"rendered":"<p><div class=\"fusion-fullwidth fullwidth-box fusion-builder-row-1 nonhundred-percent-fullwidth non-hundred-percent-height-scrolling\" style=\"--awb-background-position:left top;--awb-border-sizes-top:0px;--awb-border-sizes-bottom:0px;--awb-border-sizes-left:0px;--awb-border-sizes-right:0px;--awb-border-radius-top-left:0px;--awb-border-radius-top-right:0px;--awb-border-radius-bottom-right:0px;--awb-border-radius-bottom-left:0px;--awb-padding-top:0px;--awb-padding-bottom:75px;--awb-flex-wrap:wrap;\" ><div class=\"fusion-builder-row fusion-row\"><div class=\"fusion-layout-column fusion_builder_column fusion-builder-column-0 fusion_builder_column_1_3 1_3 fusion-one-third fusion-column-first\" style=\"--awb-bg-size:cover;width:30.6666%; margin-right: 4%;\"><div class=\"fusion-column-wrapper fusion-flex-column-wrapper-legacy\"><div class=\"fusion-text fusion-text-1\"><p style=\"letter-spacing: 4px; font-size: 13px; margin-bottom: 0px; text-align: left;\">CONTACTEZ-NOUS D\u00c8S AUJOURD&rsquo;HUI<\/p>\n<h1 style=\"text-align: left;\">R\u00e9servez vos vacances<\/h1>\n<\/div><div class=\"fusion-sep-clear\"><\/div><div class=\"fusion-separator fusion-clearfix\" style=\"float:left;margin-top:0px;margin-bottom:20px;width:100%;max-width:50px;\"><div class=\"fusion-separator-border sep-single sep-solid\" style=\"--awb-height:20px;--awb-amount:20px;--awb-sep-color:#f1b600;border-color:#f1b600;border-top-width:1px;\"><\/div><\/div><div class=\"fusion-sep-clear\"><\/div><div class=\"fusion-text fusion-text-2\"><p style=\"text-align: left;\">Veuillez utiliser ce formulaire pour nous contacter ou appelez-nous directement!<\/p>\n<p style=\"text-align: left;\"><i class=\"fusion-li-icon fa-phone-volume fas\" style=\"color: #7c2c3f;\"><\/i> +49 78 42 \/ 99 42 0<\/p>\n<p style=\"text-align: left;\">Nous sommes \u00e0 tout moment \u00e0 votre disposition!<\/p>\n<\/div><div class=\"fusion-sep-clear\"><\/div><div class=\"fusion-separator fusion-full-width-sep\" style=\"margin-left: auto;margin-right: auto;margin-top:12px;margin-bottom:12px;width:100%;\"><\/div><div class=\"fusion-sep-clear\"><\/div><div class=\"fusion-alignleft\"><a class=\"fusion-button button-flat fusion-button-default-size button-default fusion-button-default button-1 fusion-button-default-span \" target=\"_blank\" rel=\"noopener noreferrer\" href=\"https:\/\/www.caesar-data.com\/cgi-bin\/buchen.cgi?request&amp;amp;target=frame&amp;amp;hotel_id=pflugottenhoefen\"><span class=\"fusion-button-text awb-button__text awb-button__text--default fusion-button-text-right\">R\u00e9servez maintenant<\/span><span class=\"fusion-button-icon-divider button-icon-divider-right\"><i class=\"fa-angle-right fas awb-button__icon awb-button__icon--default\" aria-hidden=\"true\"><\/i><\/span><\/a><\/div><div class=\"fusion-sep-clear\"><\/div><div class=\"fusion-separator fusion-full-width-sep\" style=\"margin-left: auto;margin-right: auto;margin-top:50px;width:100%;\"><\/div><div class=\"fusion-sep-clear\"><\/div><div class=\"fusion-clearfix\"><\/div><\/div><\/div><div class=\"fusion-layout-column fusion_builder_column fusion-builder-column-1 fusion_builder_column_2_3 2_3 fusion-two-third fusion-column-last\" style=\"--awb-padding-top:40px;--awb-padding-right:40px;--awb-padding-bottom:40px;--awb-padding-left:40px;--awb-bg-color:#ffffff;--awb-bg-color-hover:#ffffff;--awb-bg-size:cover;--awb-border-color:#ebeef1;--awb-border-top:1px;--awb-border-right:1px;--awb-border-bottom:1px;--awb-border-left:1px;--awb-border-style:solid;width:65.3333%;\"><div class=\"fusion-column-wrapper fusion-flex-column-wrapper-legacy\"><div class=\"fusion-image-element in-legacy-container\" style=\"--awb-liftup-border-radius:0px;--awb-caption-title-font-family:var(--h2_typography-font-family);--awb-caption-title-font-weight:var(--h2_typography-font-weight);--awb-caption-title-font-style:var(--h2_typography-font-style);--awb-caption-title-size:var(--h2_typography-font-size);--awb-caption-title-transform:var(--h2_typography-text-transform);--awb-caption-title-line-height:var(--h2_typography-line-height);--awb-caption-title-letter-spacing:var(--h2_typography-letter-spacing);\"><div class=\"awb-image-frame awb-image-frame-1 imageframe-liftup\"><span class=\" fusion-imageframe imageframe-dropshadow imageframe-1\" style=\"border:13px solid #ffffff;-webkit-box-shadow: 3px 3px 7px rgba(0,0,0,0.3);box-shadow: 3px 3px 7px rgba(0,0,0,0.3);\"><img decoding=\"async\" width=\"3168\" height=\"2112\" title=\"pflug-2\" src=\"https:\/\/www.hotel-pflug.de\/wp-content\/uploads\/2019\/05\/pflug-2.jpg\" alt class=\"img-responsive wp-image-1798\" srcset=\"https:\/\/www.hotel-pflug.de\/wp-content\/uploads\/2019\/05\/pflug-2-200x133.jpg 200w, https:\/\/www.hotel-pflug.de\/wp-content\/uploads\/2019\/05\/pflug-2-400x267.jpg 400w, https:\/\/www.hotel-pflug.de\/wp-content\/uploads\/2019\/05\/pflug-2-600x400.jpg 600w, https:\/\/www.hotel-pflug.de\/wp-content\/uploads\/2019\/05\/pflug-2-800x533.jpg 800w, https:\/\/www.hotel-pflug.de\/wp-content\/uploads\/2019\/05\/pflug-2-1200x800.jpg 1200w, https:\/\/www.hotel-pflug.de\/wp-content\/uploads\/2019\/05\/pflug-2.jpg 3168w\" sizes=\"(max-width: 1105px) 100vw, 800px\" \/><\/span><\/div><\/div><div class=\"fusion-clearfix\"><\/div><\/div><\/div><\/div><\/div><div class=\"fusion-fullwidth fullwidth-box fusion-builder-row-2 nonhundred-percent-fullwidth non-hundred-percent-height-scrolling\" style=\"--awb-background-position:left top;--awb-border-sizes-top:0px;--awb-border-sizes-bottom:0px;--awb-border-sizes-left:0px;--awb-border-sizes-right:0px;--awb-border-radius-top-left:0px;--awb-border-radius-top-right:0px;--awb-border-radius-bottom-right:0px;--awb-border-radius-bottom-left:0px;--awb-padding-top:0px;--awb-padding-bottom:55px;--awb-background-color:#f4f6f8;--awb-flex-wrap:wrap;\" id=\"kontaktformular\" ><div class=\"fusion-builder-row fusion-row\"><div class=\"fusion-layout-column fusion_builder_column fusion-builder-column-2 fusion_builder_column_1_1 1_1 fusion-one-full fusion-column-first fusion-column-last fusion-column-no-min-height\" style=\"--awb-bg-size:cover;--awb-margin-bottom:0px;\"><div class=\"fusion-column-wrapper fusion-flex-column-wrapper-legacy\"><div class=\"fusion-image-element fusion-image-align-center in-legacy-container\" style=\"text-align:center;--awb-caption-title-font-family:var(--h2_typography-font-family);--awb-caption-title-font-weight:var(--h2_typography-font-weight);--awb-caption-title-font-style:var(--h2_typography-font-style);--awb-caption-title-size:var(--h2_typography-font-size);--awb-caption-title-transform:var(--h2_typography-text-transform);--awb-caption-title-line-height:var(--h2_typography-line-height);--awb-caption-title-letter-spacing:var(--h2_typography-letter-spacing);\"><div class=\"imageframe-align-center\"><span class=\" fusion-imageframe imageframe-none imageframe-2 hover-type-none\"><img decoding=\"async\" width=\"370\" height=\"82\" title=\"flowers_top\" src=\"https:\/\/www.hotel-pflug.de\/wp-content\/uploads\/2015\/01\/flowers_top.png\" alt class=\"img-responsive wp-image-1708\"\/><\/span><\/div><\/div><div class=\"fusion-sep-clear\"><\/div><div class=\"fusion-separator fusion-full-width-sep\" style=\"margin-left: auto;margin-right: auto;margin-top:30px;margin-bottom:30px;width:100%;\"><\/div><div class=\"fusion-sep-clear\"><\/div><div class=\"fusion-clearfix\"><\/div><\/div><\/div><div class=\"fusion-layout-column fusion_builder_column fusion-builder-column-3 fusion_builder_column_1_1 1_1 fusion-one-full fusion-column-first fusion-column-last fusion-column-no-min-height\" style=\"--awb-bg-size:cover;--awb-margin-bottom:0px;\"><div class=\"fusion-column-wrapper fusion-flex-column-wrapper-legacy\"><div class=\"fusion-text fusion-text-3\">\n<div class=\"wpcf7 no-js\" id=\"wpcf7-f3570-o1\" lang=\"de-DE\" dir=\"ltr\" data-wpcf7-id=\"3570\">\n<div class=\"screen-reader-response\"><p role=\"status\" aria-live=\"polite\" aria-atomic=\"true\"><\/p> <ul><\/ul><\/div>\n<form action=\"\/fr\/wp-json\/wp\/v2\/pages\/3565#wpcf7-f3570-o1\" method=\"post\" class=\"wpcf7-form init\" aria-label=\"Kontaktformular\" novalidate=\"novalidate\" data-status=\"init\">\n<fieldset class=\"hidden-fields-container\"><input type=\"hidden\" name=\"_wpcf7\" value=\"3570\" \/><input type=\"hidden\" name=\"_wpcf7_version\" value=\"6.1.5\" \/><input type=\"hidden\" name=\"_wpcf7_locale\" value=\"de_DE\" \/><input type=\"hidden\" name=\"_wpcf7_unit_tag\" value=\"wpcf7-f3570-o1\" \/><input type=\"hidden\" name=\"_wpcf7_container_post\" value=\"0\" \/><input type=\"hidden\" name=\"_wpcf7_posted_data_hash\" value=\"\" \/>\n<\/fieldset>\n<div class=\"fusion-one-third fusion-layout-column fusion-spacing-yes\">\n\t<p><label>Salutation<span class=\"wpcf7-form-control-wrap\" data-name=\"anrede\"><select class=\"wpcf7-form-control wpcf7-select\" aria-invalid=\"false\" name=\"anrede\"><option value=\"Veuillez s\u00e9lectionner\">Veuillez s\u00e9lectionner<\/option><option value=\"Monsieur\">Monsieur<\/option><option value=\"Madame\">Madame<\/option><\/select><\/span><\/label>\n\t<\/p>\n<\/div>\n<div class=\"fusion-one-third fusion-layout-column fusion-spacing-yes\">\n\t<p><label><strong>Pr\u00e9nom<\/strong> <span class=\"wpcf7-form-control-wrap\" data-name=\"vorname\"><input size=\"40\" maxlength=\"400\" class=\"wpcf7-form-control wpcf7-text wpcf7-validates-as-required\" aria-required=\"true\" aria-invalid=\"false\" value=\"\" type=\"text\" name=\"vorname\" \/><\/span><\/label>\n\t<\/p>\n<\/div>\n<div class=\"fusion-one-third fusion-layout-column fusion-column-last fusion-spacing-yes\">\n\t<p><label><strong>Nom de famille<\/strong> <span class=\"wpcf7-form-control-wrap\" data-name=\"nachname\"><input size=\"40\" maxlength=\"400\" class=\"wpcf7-form-control wpcf7-text wpcf7-validates-as-required\" aria-required=\"true\" aria-invalid=\"false\" value=\"\" type=\"text\" name=\"nachname\" \/><\/span><\/label>\n\t<\/p>\n<\/div>\n<div class=\"fusion-one-third fusion-layout-column fusion-spacing-yes\">\n\t<p><label>Rue<span class=\"wpcf7-form-control-wrap\" data-name=\"strasse\"><input size=\"40\" maxlength=\"400\" class=\"wpcf7-form-control wpcf7-text\" aria-invalid=\"false\" value=\"\" type=\"text\" name=\"strasse\" \/><\/span><\/label>\n\t<\/p>\n<\/div>\n<div class=\"fusion-one-third fusion-layout-column fusion-spacing-yes\">\n\t<p><label>Code postal<span class=\"wpcf7-form-control-wrap\" data-name=\"plz\"><input size=\"40\" maxlength=\"400\" class=\"wpcf7-form-control wpcf7-text\" aria-invalid=\"false\" value=\"\" type=\"text\" name=\"plz\" \/><\/span><\/label>\n\t<\/p>\n<\/div>\n<div class=\"fusion-one-third fusion-layout-column fusion-column-last fusion-spacing-yes\">\n\t<p><label>Ville<span class=\"wpcf7-form-control-wrap\" data-name=\"ort\"><input size=\"40\" maxlength=\"400\" class=\"wpcf7-form-control wpcf7-text\" aria-invalid=\"false\" value=\"\" type=\"text\" name=\"ort\" \/><\/span><\/label>\n\t<\/p>\n<\/div>\n<div class=\"fusion-one-third fusion-layout-column fusion-spacing-yes\">\n\t<p><label><strong>E-Mail<\/strong> <span class=\"wpcf7-form-control-wrap\" data-name=\"email\"><input size=\"40\" maxlength=\"400\" class=\"wpcf7-form-control wpcf7-email wpcf7-validates-as-required wpcf7-text wpcf7-validates-as-email\" aria-required=\"true\" aria-invalid=\"false\" value=\"\" type=\"email\" name=\"email\" \/><\/span><\/label>\n\t<\/p>\n<\/div>\n<div class=\"fusion-one-third fusion-layout-column fusion-spacing-yes\">\n\t<p><label>T\u00e9l\u00e9phone <span class=\"wpcf7-form-control-wrap\" data-name=\"telefon\"><input size=\"40\" maxlength=\"400\" class=\"wpcf7-form-control wpcf7-text\" aria-invalid=\"false\" value=\"\" type=\"text\" name=\"telefon\" \/><\/span><\/label>\n\t<\/p>\n<\/div>\n<div class=\"fusion-one-third fusion-layout-column fusion-column-last fusion-spacing-yes\">\n\t<p><label>Fax <span class=\"wpcf7-form-control-wrap\" data-name=\"telefax\"><input size=\"40\" maxlength=\"400\" class=\"wpcf7-form-control wpcf7-text\" aria-invalid=\"false\" value=\"\" type=\"text\" name=\"telefax\" \/><\/span><\/label>\n\t<\/p>\n<\/div>\n<p>&nbsp;\n<\/p>\n<div class=\"fusion-one-full fusion-layout-column fusion-column-last fusion-spacing-yes\">\n\t<p><label><strong>Sujet<\/strong><span class=\"wpcf7-form-control-wrap\" data-name=\"betreff\"><select class=\"wpcf7-form-control wpcf7-select\" aria-invalid=\"false\" name=\"betreff\"><option value=\"Demande de r\u00e9servation\">Demande de r\u00e9servation<\/option><option value=\"Festivit\u00e9s\">Festivit\u00e9s<\/option><option value=\"Questions concernant votre r\u00e9servation\">Questions concernant votre r\u00e9servation<\/option><option value=\"Questions sur les voyages de groupe\/en autocar\">Questions sur les voyages de groupe\/en autocar<\/option><option value=\"Bons\">Bons<\/option><option value=\"Congr\u00e8s\">Congr\u00e8s<\/option><option value=\"R\u00e9servation de table au restaurant\">R\u00e9servation de table au restaurant<\/option><option value=\"Autre\">Autre<\/option><\/select><\/span><\/label>\n\t<\/p>\n<\/div>\n<p><label><span class=\"wpcf7-form-control-wrap\" data-name=\"nachricht\"><textarea cols=\"40\" rows=\"10\" maxlength=\"2000\" class=\"wpcf7-form-control wpcf7-textarea\" aria-invalid=\"false\" placeholder=\"Votre message pour nous\" name=\"nachricht\"><\/textarea><\/span><\/label>\n<\/p>\n<p><span class=\"wpcf7-form-control-wrap\" data-name=\"datenschutz\"><span class=\"wpcf7-form-control wpcf7-acceptance\"><span class=\"wpcf7-list-item\"><input type=\"checkbox\" name=\"datenschutz\" value=\"1\" aria-invalid=\"false\" \/><\/span><\/span><\/span> Oui, j'ai lu la <a href=\"https:\/\/www.hotel-pflug.de\/fr\/declaration-de-confidentialite\/\" target=\"_blank\">d\u00e9claration de protection<\/a> des donn\u00e9es et j'accepte le traitement de mes donn\u00e9es personnelles tel que d\u00e9crit dans cette d\u00e9claration.\n<\/p>\n<p>&nbsp;\n<\/p>\n<p><span id=\"wpcf7-69e1e2e0581e5-wrapper\" class=\"wpcf7-form-control-wrap lastname-wrap\" ><label for=\"wpcf7-69e1e2e0581e5-field\" class=\"hp-message\">Bitte lasse dieses Feld leer.<\/label><input id=\"wpcf7-69e1e2e0581e5-field\"  class=\"wpcf7-form-control wpcf7-text\" type=\"text\" name=\"lastname\" value=\"\" size=\"40\" tabindex=\"-1\" autocomplete=\"new-password\" \/><\/span>\n<\/p>\n<p><input class=\"wpcf7-form-control wpcf7-submit has-spinner\" type=\"submit\" value=\"Senden\" \/>\n<\/p><div class=\"fusion-alert alert custom alert-custom fusion-alert-center wpcf7-response-output fusion-alert-capitalize awb-alert-native-link-color alert-dismissable awb-alert-close-boxed\" style=\"--awb-border-top-left-radius:0px;--awb-border-top-right-radius:0px;--awb-border-bottom-left-radius:0px;--awb-border-bottom-right-radius:0px;\" role=\"alert\"><div class=\"fusion-alert-content-wrapper\"><span class=\"fusion-alert-content\"><\/span><\/div><button type=\"button\" class=\"close toggle-alert\" data-dismiss=\"alert\" aria-label=\"Close\">&times;<\/button><\/div>\n<\/form>\n<\/div>\n\n<\/div><div class=\"fusion-clearfix\"><\/div><\/div><\/div><\/div><\/div><div class=\"fusion-fullwidth fullwidth-box fusion-builder-row-3 nonhundred-percent-fullwidth non-hundred-percent-height-scrolling\" style=\"--awb-background-position:left top;--awb-border-sizes-top:0px;--awb-border-sizes-bottom:0px;--awb-border-sizes-left:0px;--awb-border-sizes-right:0px;--awb-border-radius-top-left:0px;--awb-border-radius-top-right:0px;--awb-border-radius-bottom-right:0px;--awb-border-radius-bottom-left:0px;--awb-padding-top:70px;--awb-padding-bottom:40px;--awb-flex-wrap:wrap;\" ><div class=\"fusion-builder-row fusion-row\"><div class=\"fusion-layout-column fusion_builder_column fusion-builder-column-4 fusion_builder_column_1_1 1_1 fusion-one-full fusion-column-first fusion-column-last fusion-column-no-min-height\" style=\"--awb-bg-size:cover;--awb-margin-bottom:0px;\"><div class=\"fusion-column-wrapper fusion-flex-column-wrapper-legacy\"><div class=\"fusion-flip-boxes flip-boxes row fusion-columns-3 flip-effect-classic\"><div class=\"fusion-flip-box-wrapper fusion-column col-lg-4 col-md-4 col-sm-4\"><div class=\"fusion-flip-box flip-right\" tabindex=\"0\"><div class=\"flip-box-inner-wrapper\"><div class=\"flip-box-front\" style=\"--awb-icon-color:#7c2c3f;--awb-border-size:1px;--awb-border-radius:4px;\"><div class=\"flip-box-front-inner\"><div class=\"flip-box-grafix flip-box-no-circle\"><i aria-hidden=\"true\" class=\"fa-map-marker-alt fas\"><\/i><\/div><h2 class=\"flip-box-heading\">Notre adresse<\/h2>Trouvez toujours le bon chemin vers nous!<\/div><\/div><div class=\"flip-box-back\" style=\"--awb-icon-color:#7c2c3f;--awb-border-size:1px;--awb-border-radius:4px;--awb-background-color-back:#7c2c3f;\"><div class=\"flip-box-back-inner\"><h3 class=\"flip-box-heading-back\">H\u00f4tel Pflug<\/h3>\n<p>Allerheiligenstra\u00dfe 1,<br \/>\n77883 Ottenh\u00f6fen im Schwarzwald<div class=\"fusion-button-wrapper\"><a class=\"fusion-button button-flat button-large button-custom fusion-button-default button-2 fusion-button-default-span \" style=\"--button_accent_color:#7c2c3f;--button_accent_hover_color:#7c2c3f;--button_border_hover_color:#7c2c3f;--button_border_width-top:0px;--button_border_width-right:0px;--button_border_width-bottom:0px;--button_border_width-left:0px;--button-border-radius-top-left:0px;--button-border-radius-top-right:0px;--button-border-radius-bottom-right:0px;--button-border-radius-bottom-left:0px;--button_gradient_top_color:rgba(255,255,255,.5);--button_gradient_bottom_color:rgba(255,255,255,.5);--button_gradient_top_color_hover:rgba(255,255,255,.95);--button_gradient_bottom_color_hover:rgba(255,255,255,.95);\" target=\"_blank\" rel=\"noopener noreferrer\" href=\"https:\/\/maps.google.com\/maps?ll=48.56732,8.15301&amp;amp;z=16&amp;amp;t=h&amp;amp;hl=de&amp;amp;gl=DE&amp;amp;mapclient=embed&amp;amp;daddr=Hotel%20Pflug%20Ottenh%C3%B6fen%20i.%20Schw.%20Allerheiligenstra%C3%9Fe%201%2077883%20Ottenh%C3%B6fen%20im%20Schwarzwald@48.56732,8.15301\"><span class=\"fusion-button-text awb-button__text awb-button__text--default\">Calculer l&rsquo;itin\u00e9raire<\/span><\/a><\/div>\n<\/div><\/div><\/div><\/div><\/div><div class=\"fusion-flip-box-wrapper fusion-column col-lg-4 col-md-4 col-sm-4\"><div class=\"fusion-flip-box flip-right\" tabindex=\"0\"><div class=\"flip-box-inner-wrapper\"><div class=\"flip-box-front\" style=\"--awb-icon-color:#7c2c3f;--awb-border-size:1px;--awb-border-radius:4px;\"><div class=\"flip-box-front-inner\"><div class=\"flip-box-grafix flip-box-no-circle\"><i aria-hidden=\"true\" class=\"fa-phone fas\"><\/i><\/div><h2 class=\"flip-box-heading\">Contact direct<\/h2>Vous avez des questions ou des demandes?<\/div><\/div><div class=\"flip-box-back\" style=\"--awb-icon-color:#7c2c3f;--awb-border-size:1px;--awb-border-radius:4px;--awb-background-color-back:#7c2c3f;\"><div class=\"flip-box-back-inner\"><h3 class=\"flip-box-heading-back\">Appelez-nous au<\/h3>\n<p>Sous le num\u00e9ro de t\u00e9l\u00e9phone <strong>+49 78 42 \/ 99 42 0<\/strong>, nous r\u00e9pondrons imm\u00e9diatement \u00e0 votre demande!<\/p>\n<\/div><\/div><\/div><\/div><\/div><div class=\"fusion-flip-box-wrapper fusion-column col-lg-4 col-md-4 col-sm-4\"><div class=\"fusion-flip-box flip-right\" tabindex=\"0\"><div class=\"flip-box-inner-wrapper\"><div class=\"flip-box-front\" style=\"--awb-icon-color:#7c2c3f;--awb-border-size:1px;--awb-border-radius:4px;\"><div class=\"flip-box-front-inner\"><div class=\"flip-box-grafix flip-box-no-circle\"><i aria-hidden=\"true\" class=\"fa-envelope far\"><\/i><\/div><h2 class=\"flip-box-heading\">Envoyer un courriel<\/h2>Avez-vous besoin d'informations \u00e9crites?<\/div><\/div><div class=\"flip-box-back\" style=\"--awb-icon-color:#7c2c3f;--awb-border-size:1px;--awb-border-radius:4px;--awb-background-color-back:#7c2c3f;\"><div class=\"flip-box-back-inner\"><h3 class=\"flip-box-heading-back\">Pas de probl\u00e8me<\/h3>\n<p>\u00e9crivez-nous aujourd&rsquo;hui!<div class=\"fusion-button-wrapper\"><a class=\"fusion-button button-flat button-large button-custom fusion-button-default button-3 fusion-button-default-span \" style=\"--button_accent_color:#7c2c3f;--button_accent_hover_color:#7c2c3f;--button_border_hover_color:#7c2c3f;--button_border_width-top:0px;--button_border_width-right:0px;--button_border_width-bottom:0px;--button_border_width-left:0px;--button-border-radius-top-left:0px;--button-border-radius-top-right:0px;--button-border-radius-bottom-right:0px;--button-border-radius-bottom-left:0px;--button_gradient_top_color:rgba(255,255,255,.5);--button_gradient_bottom_color:rgba(255,255,255,.5);--button_gradient_top_color_hover:rgba(255,255,255,.95);--button_gradient_bottom_color_hover:rgba(255,255,255,.95);\" target=\"_blank\" rel=\"noopener noreferrer\" href=\"mailto:info@hotel-pflug.de\"><span class=\"fusion-button-text awb-button__text awb-button__text--default\">Envoyer un courriel<\/span><\/a><\/div>\n<\/div><\/div><\/div><\/div><\/div><\/div><div class=\"clearfix\"><\/div><div class=\"fusion-clearfix\"><\/div><\/div><\/div><\/div><\/div><div class=\"fusion-fullwidth fullwidth-box fusion-builder-row-4 fusion-parallax-none hundred-percent-fullwidth non-hundred-percent-height-scrolling\" style=\"--awb-border-sizes-top:0px;--awb-border-sizes-bottom:0px;--awb-border-sizes-left:0px;--awb-border-sizes-right:0px;--awb-border-radius-top-left:0px;--awb-border-radius-top-right:0px;--awb-border-radius-bottom-right:0px;--awb-border-radius-bottom-left:0px;--awb-padding-top:0px;--awb-padding-right:0px;--awb-padding-bottom:0px;--awb-padding-left:0px;--awb-background-image:url(&quot;https:\/\/www.hotel-pflug.de\/wp-content\/uploads\/2023\/01\/anfahrt-pflug-ottenhoefen.png&quot;);--awb-background-size:cover;--awb-flex-wrap:wrap;\" ><div class=\"fusion-builder-row fusion-row\"><div class=\"fusion-layout-column fusion_builder_column fusion-builder-column-5 fusion_builder_column_1_1 1_1 fusion-one-full fusion-column-first fusion-column-last fusion-column-no-min-height fusion-column-inner-bg-wrapper\" style=\"--awb-inner-bg-size:cover;--awb-margin-bottom:0px;\"><span class=\"fusion-column-inner-bg hover-type-none\"><a class=\"fusion-column-anchor\" href=\"https:\/\/maps.google.com\/maps\/dir\/\/Hotel+Pflug+Ottenh%C3%B6fen+i.+Schw.+Allerheiligenstra%C3%9Fe+1+77883+Ottenh%C3%B6fen+im+Schwarzwald\/\" rel=\"noopener noreferrer\" target=\"_blank\"><span class=\"fusion-column-inner-bg-image\"><\/span><\/a><\/span><div class=\"fusion-column-wrapper fusion-column-has-shadow fusion-flex-column-wrapper-legacy\"><div class=\"fusion-sep-clear\"><\/div><div class=\"fusion-separator fusion-full-width-sep\" style=\"margin-left: auto;margin-right: auto;margin-top:200px;margin-bottom:200px;width:100%;\"><\/div><div class=\"fusion-sep-clear\"><\/div><div class=\"fusion-clearfix\"><\/div><\/div><\/div><\/div><\/div><\/p>\n","protected":false},"excerpt":{"rendered":"","protected":false},"author":1,"featured_media":0,"parent":0,"menu_order":0,"comment_status":"open","ping_status":"open","template":"100-width.php","meta":{"footnotes":""},"class_list":["post-3565","page","type-page","status-publish","hentry"],"_links":{"self":[{"href":"https:\/\/www.hotel-pflug.de\/fr\/wp-json\/wp\/v2\/pages\/3565","targetHints":{"allow":["GET"]}}],"collection":[{"href":"https:\/\/www.hotel-pflug.de\/fr\/wp-json\/wp\/v2\/pages"}],"about":[{"href":"https:\/\/www.hotel-pflug.de\/fr\/wp-json\/wp\/v2\/types\/page"}],"author":[{"embeddable":true,"href":"https:\/\/www.hotel-pflug.de\/fr\/wp-json\/wp\/v2\/users\/1"}],"replies":[{"embeddable":true,"href":"https:\/\/www.hotel-pflug.de\/fr\/wp-json\/wp\/v2\/comments?post=3565"}],"version-history":[{"count":1,"href":"https:\/\/www.hotel-pflug.de\/fr\/wp-json\/wp\/v2\/pages\/3565\/revisions"}],"predecessor-version":[{"id":4806,"href":"https:\/\/www.hotel-pflug.de\/fr\/wp-json\/wp\/v2\/pages\/3565\/revisions\/4806"}],"wp:attachment":[{"href":"https:\/\/www.hotel-pflug.de\/fr\/wp-json\/wp\/v2\/media?parent=3565"}],"curies":[{"name":"wp","href":"https:\/\/api.w.org\/{rel}","templated":true}]}}